{"id":904,"date":"2025-03-25T16:20:08","date_gmt":"2025-03-25T20:20:08","guid":{"rendered":"https:\/\/www.ccimcat.org\/web\/?page_id=904"},"modified":"2025-06-16T16:12:13","modified_gmt":"2025-06-16T20:12:13","slug":"proyectos","status":"publish","type":"page","link":"https:\/\/ccimcat.org\/web\/proyectos\/","title":{"rendered":"Proyectos"},"content":{"rendered":"\t\t<div data-elementor-type=\"wp-page\" data-elementor-id=\"904\" class=\"elementor elementor-904\" data-elementor-post-type=\"page\">\n\t\t\t\t<div class=\"elementor-element elementor-element-340b937 e-con-full e-flex elementor-invisible e-con e-parent\" data-id=\"340b937\" data-element_type=\"container\" data-settings=\"{&quot;background_background&quot;:&quot;classic&quot;,&quot;animation&quot;:&quot;fadeIn&quot;}\">\n\t\t<div class=\"elementor-element elementor-element-dbddb9f e-con-full elementor-hidden-mobile e-flex e-con e-child\" data-id=\"dbddb9f\" data-element_type=\"container\" data-settings=\"{&quot;background_background&quot;:&quot;classic&quot;}\">\n\t\t\t\t<\/div>\n\t\t<div class=\"elementor-element elementor-element-34c12fb e-con-full animated-slow elementor-hidden-mobile e-flex elementor-invisible e-con e-child\" data-id=\"34c12fb\" data-element_type=\"container\" data-settings=\"{&quot;background_background&quot;:&quot;classic&quot;,&quot;animation&quot;:&quot;fadeInRight&quot;,&quot;animation_delay&quot;:300}\">\n\t\t\t\t<\/div>\n\t\t\t\t<\/div>\n\t\t<div class=\"elementor-element elementor-element-85e093d e-con-full e-flex e-con e-parent\" data-id=\"85e093d\" data-element_type=\"container\">\n\t\t<div class=\"elementor-element elementor-element-968fcc9 e-con-full elementor-hidden-mobile e-flex e-con e-child\" data-id=\"968fcc9\" data-element_type=\"container\" data-settings=\"{&quot;background_background&quot;:&quot;classic&quot;}\">\n\t\t\t\t<\/div>\n\t\t<div class=\"elementor-element elementor-element-a3f8e16 e-con-full e-flex elementor-invisible e-con e-child\" data-id=\"a3f8e16\" data-element_type=\"container\" data-settings=\"{&quot;background_background&quot;:&quot;classic&quot;,&quot;animation&quot;:&quot;rollIn&quot;,&quot;animation_delay&quot;:200}\">\n\t\t\t\t<div class=\"elementor-element elementor-element-a5b3512 elementor-widget__width-inherit elementor-widget elementor-widget-heading\" data-id=\"a5b3512\" data-element_type=\"widget\" data-widget_type=\"heading.default\">\n\t\t\t\t<div class=\"elementor-widget-container\">\n\t\t\t\t\t<h2 class=\"elementor-heading-title elementor-size-default\">Proyectos en<\/h2>\t\t\t\t<\/div>\n\t\t\t\t<\/div>\n\t\t\t\t<div class=\"elementor-element elementor-element-cae31b9 elementor-widget elementor-widget-heading\" data-id=\"cae31b9\" data-element_type=\"widget\" data-widget_type=\"heading.default\">\n\t\t\t\t<div class=\"elementor-widget-container\">\n\t\t\t\t\t<h2 class=\"elementor-heading-title elementor-size-default\">EJECUCI\u00d3N<\/h2>\t\t\t\t<\/div>\n\t\t\t\t<\/div>\n\t\t\t\t<\/div>\n\t\t<div class=\"elementor-element elementor-element-478c185 e-con-full elementor-hidden-mobile e-flex e-con e-child\" data-id=\"478c185\" data-element_type=\"container\" data-settings=\"{&quot;background_background&quot;:&quot;classic&quot;}\">\n\t\t\t\t<\/div>\n\t\t\t\t<\/div>\n\t\t<div class=\"elementor-element elementor-element-486f715 e-flex e-con-boxed e-con e-parent\" data-id=\"486f715\" data-element_type=\"container\">\n\t\t\t\t\t<div class=\"e-con-inner\">\n\t\t<div class=\"elementor-element elementor-element-8757fed e-con-full e-flex elementor-invisible e-con e-child\" data-id=\"8757fed\" data-element_type=\"container\" data-settings=\"{&quot;animation&quot;:&quot;rotateInDownLeft&quot;,&quot;animation_delay&quot;:200}\">\n\t\t<div class=\"elementor-element elementor-element-5811f4f e-con-full e-flex e-con e-child\" data-id=\"5811f4f\" data-element_type=\"container\" data-settings=\"{&quot;background_background&quot;:&quot;classic&quot;,&quot;motion_fx_motion_fx_scrolling&quot;:&quot;yes&quot;,&quot;motion_fx_scale_effect&quot;:&quot;yes&quot;,&quot;motion_fx_scale_speed&quot;:{&quot;unit&quot;:&quot;px&quot;,&quot;size&quot;:1,&quot;sizes&quot;:[]},&quot;motion_fx_scale_range&quot;:{&quot;unit&quot;:&quot;%&quot;,&quot;size&quot;:&quot;&quot;,&quot;sizes&quot;:{&quot;start&quot;:0,&quot;end&quot;:45}},&quot;motion_fx_scale_direction&quot;:&quot;out-in&quot;,&quot;motion_fx_devices&quot;:[&quot;desktop&quot;,&quot;tablet&quot;,&quot;mobile&quot;]}\">\n\t\t\t\t<div class=\"elementor-element elementor-element-f99adc4 elementor-widget-tablet__width-initial elementor-widget elementor-widget-heading\" data-id=\"f99adc4\" data-element_type=\"widget\" data-widget_type=\"heading.default\">\n\t\t\t\t<div class=\"elementor-widget-container\">\n\t\t\t\t\t<h2 class=\"elementor-heading-title elementor-size-default\">J\u00f3venes y Mujeres<\/h2>\t\t\t\t<\/div>\n\t\t\t\t<\/div>\n\t\t\t\t<div class=\"elementor-element elementor-element-5d0131f elementor-widget elementor-widget-heading\" data-id=\"5d0131f\" data-element_type=\"widget\" data-widget_type=\"heading.default\">\n\t\t\t\t<div class=\"elementor-widget-container\">\n\t\t\t\t\t<h2 class=\"elementor-heading-title elementor-size-default\">por la Agenda 2030<\/h2>\t\t\t\t<\/div>\n\t\t\t\t<\/div>\n\t\t\t\t<\/div>\n\t\t<div class=\"elementor-element elementor-element-ba61923 e-con-full elementor-hidden-mobile e-flex e-con e-child\" data-id=\"ba61923\" data-element_type=\"container\">\n\t\t\t\t<\/div>\n\t\t\t\t<\/div>\n\t\t<div class=\"elementor-element elementor-element-bb2e593 e-con-full e-flex elementor-invisible e-con e-child\" data-id=\"bb2e593\" data-element_type=\"container\" data-settings=\"{&quot;background_background&quot;:&quot;classic&quot;,&quot;animation&quot;:&quot;zoomIn&quot;,&quot;animation_delay&quot;:100}\">\n\t\t<div class=\"elementor-element elementor-element-5007cce e-con-full e-flex e-con e-child\" data-id=\"5007cce\" data-element_type=\"container\">\n\t\t<div class=\"elementor-element elementor-element-b4fe92b e-con-full e-flex e-con e-child\" data-id=\"b4fe92b\" data-element_type=\"container\">\n\t\t\t\t<div class=\"elementor-element elementor-element-fd981a3 elementor-widget__width-initial elementor-widget-mobile__width-initial elementor-widget elementor-widget-image\" data-id=\"fd981a3\" data-element_type=\"widget\" data-widget_type=\"image.default\">\n\t\t\t\t<div class=\"elementor-widget-container\">\n\t\t\t\t\t\t\t\t\t\t\t\t\t\t\t<img decoding=\"async\" src=\"https:\/\/ccimcat.org\/web\/wp-content\/uploads\/2025\/03\/Icono_Objetivo.svg\" title=\"Icono_Objetivo\" alt=\"Icono_Objetivo\" loading=\"lazy\" \/>\t\t\t\t\t\t\t\t\t\t\t\t\t\t\t<\/div>\n\t\t\t\t<\/div>\n\t\t\t\t<div class=\"elementor-element elementor-element-afb32bc elementor-widget__width-initial elementor-widget-mobile__width-initial elementor-vertical-align-top elementor-widget elementor-widget-icon-box\" data-id=\"afb32bc\" data-element_type=\"widget\" data-widget_type=\"icon-box.default\">\n\t\t\t\t<div class=\"elementor-widget-container\">\n\t\t\t\t\t\t\t<div class=\"elementor-icon-box-wrapper\">\n\n\t\t\t\n\t\t\t\t\t\t<div class=\"elementor-icon-box-content\">\n\n\t\t\t\t\t\t\t\t\t<h3 class=\"elementor-icon-box-title\">\n\t\t\t\t\t\t<span  >\n\t\t\t\t\t\t\tOBJETIVO\t\t\t\t\t\t<\/span>\n\t\t\t\t\t<\/h3>\n\t\t\t\t\n\t\t\t\t\t\t\t\t\t<p class=\"elementor-icon-box-description\">\n\t\t\t\t\t\tPlantea promover el pleno ejercicio de los derechos econ\u00f3micos de j\u00f3venes y mujeres en el marco de los ODS 5 y 8 y el Plan de Desarrollo Econ\u00f3mico y Social del Estado boliviano.\n\t\t\t\t\t<\/p>\n\t\t\t\t\n\t\t\t<\/div>\n\t\t\t\n\t\t<\/div>\n\t\t\t\t\t\t<\/div>\n\t\t\t\t<\/div>\n\t\t\t\t<\/div>\n\t\t<div class=\"elementor-element elementor-element-52387c0 e-con-full e-flex e-con e-child\" data-id=\"52387c0\" data-element_type=\"container\">\n\t\t<div class=\"elementor-element elementor-element-a7c442b e-con-full e-flex e-con e-child\" data-id=\"a7c442b\" data-element_type=\"container\">\n\t\t\t\t<div class=\"elementor-element elementor-element-36f49b8 elementor-widget__width-initial elementor-widget elementor-widget-image\" data-id=\"36f49b8\" data-element_type=\"widget\" data-widget_type=\"image.default\">\n\t\t\t\t<div class=\"elementor-widget-container\">\n\t\t\t\t\t\t\t\t\t\t\t\t\t\t\t<img decoding=\"async\" src=\"https:\/\/ccimcat.org\/web\/wp-content\/uploads\/2025\/03\/Icono_Duracion.svg\" title=\"Icono_Duraci\u00f3n\" alt=\"Icono_Duraci\u00f3n\" loading=\"lazy\" \/>\t\t\t\t\t\t\t\t\t\t\t\t\t\t\t<\/div>\n\t\t\t\t<\/div>\n\t\t\t\t<div class=\"elementor-element elementor-element-3306df4 elementor-vertical-align-top elementor-widget elementor-widget-icon-box\" data-id=\"3306df4\" data-element_type=\"widget\" data-widget_type=\"icon-box.default\">\n\t\t\t\t<div class=\"elementor-widget-container\">\n\t\t\t\t\t\t\t<div class=\"elementor-icon-box-wrapper\">\n\n\t\t\t\n\t\t\t\t\t\t<div class=\"elementor-icon-box-content\">\n\n\t\t\t\t\t\t\t\t\t<h3 class=\"elementor-icon-box-title\">\n\t\t\t\t\t\t<span  >\n\t\t\t\t\t\t\tDURACI\u00d3N\t\t\t\t\t\t<\/span>\n\t\t\t\t\t<\/h3>\n\t\t\t\t\n\t\t\t\t\t\t\t\t\t<p class=\"elementor-icon-box-description\">\n\t\t\t\t\t\t36 meses\t\t\t\t\t<\/p>\n\t\t\t\t\n\t\t\t<\/div>\n\t\t\t\n\t\t<\/div>\n\t\t\t\t\t\t<\/div>\n\t\t\t\t<\/div>\n\t\t\t\t<\/div>\n\t\t<div class=\"elementor-element elementor-element-9abcc13 e-con-full e-flex e-con e-child\" data-id=\"9abcc13\" data-element_type=\"container\">\n\t\t\t\t<div class=\"elementor-element elementor-element-20987b1 elementor-widget__width-initial elementor-widget-tablet__width-initial elementor-widget elementor-widget-image\" data-id=\"20987b1\" data-element_type=\"widget\" data-widget_type=\"image.default\">\n\t\t\t\t<div class=\"elementor-widget-container\">\n\t\t\t\t\t\t\t\t\t\t\t\t\t\t\t<img decoding=\"async\" src=\"https:\/\/ccimcat.org\/web\/wp-content\/uploads\/2025\/03\/Icono_Alcance.svg\" title=\"Icono_Alcance\" alt=\"Icono_Alcance\" loading=\"lazy\" \/>\t\t\t\t\t\t\t\t\t\t\t\t\t\t\t<\/div>\n\t\t\t\t<\/div>\n\t\t\t\t<div class=\"elementor-element elementor-element-0cc5536 elementor-widget-mobile__width-initial elementor-vertical-align-top elementor-widget elementor-widget-icon-box\" data-id=\"0cc5536\" data-element_type=\"widget\" data-widget_type=\"icon-box.default\">\n\t\t\t\t<div class=\"elementor-widget-container\">\n\t\t\t\t\t\t\t<div class=\"elementor-icon-box-wrapper\">\n\n\t\t\t\n\t\t\t\t\t\t<div class=\"elementor-icon-box-content\">\n\n\t\t\t\t\t\t\t\t\t<h3 class=\"elementor-icon-box-title\">\n\t\t\t\t\t\t<span  >\n\t\t\t\t\t\t\tALCANCE\t\t\t\t\t\t<\/span>\n\t\t\t\t\t<\/h3>\n\t\t\t\t\n\t\t\t\t\t\t\t\t\t<p class=\"elementor-icon-box-description\">\n\t\t\t\t\t\tMunicipios de:<br> \t\n- Padcaya<br>\n- Entre R\u00edos <br>\n- Yacuiba\u00a0\t\t\t\t\t<\/p>\n\t\t\t\t\n\t\t\t<\/div>\n\t\t\t\n\t\t<\/div>\n\t\t\t\t\t\t<\/div>\n\t\t\t\t<\/div>\n\t\t\t\t<\/div>\n\t\t\t\t<\/div>\n\t\t\t\t<\/div>\n\t\t<div class=\"elementor-element elementor-element-9283457 e-con-full e-flex e-con e-child\" data-id=\"9283457\" data-element_type=\"container\">\n\t\t\t\t<div class=\"elementor-element elementor-element-0671fb3 elementor-widget elementor-widget-button\" data-id=\"0671fb3\" data-element_type=\"widget\" data-widget_type=\"button.default\">\n\t\t\t\t<div class=\"elementor-widget-container\">\n\t\t\t\t\t\t\t\t\t<div class=\"elementor-button-wrapper\">\n\t\t\t\t\t<a class=\"elementor-button elementor-button-link elementor-size-sm\" href=\"https:\/\/www.ccimcat.org\/web\/index.php\/jovenes-y-mujeres-por-la-agenda-2030\/\">\n\t\t\t\t\t\t<span class=\"elementor-button-content-wrapper\">\n\t\t\t\t\t\t<span class=\"elementor-button-icon\">\n\t\t\t\t<i aria-hidden=\"true\" class=\"icon icon-right-arrow1\"><\/i>\t\t\t<\/span>\n\t\t\t\t\t\t\t\t\t<span class=\"elementor-button-text\">LEER M\u00c1S<\/span>\n\t\t\t\t\t<\/span>\n\t\t\t\t\t<\/a>\n\t\t\t\t<\/div>\n\t\t\t\t\t\t\t\t<\/div>\n\t\t\t\t<\/div>\n\t\t\t\t<\/div>\n\t\t\t\t<\/div>\n\t\t\t\t\t<\/div>\n\t\t\t\t<\/div>\n\t\t\t\t<\/div>\n\t\t","protected":false},"excerpt":{"rendered":"<p>Proyectos en EJECUCI\u00d3N J\u00f3venes y Mujeres por la Agenda 2030 OBJETIVO Plantea promover el pleno ejercicio de los derechos econ\u00f3micos [&hellip;]<\/p>\n","protected":false},"author":2,"featured_media":0,"parent":0,"menu_order":0,"comment_status":"closed","ping_status":"closed","template":"","meta":{"inline_featured_image":false,"site-sidebar-layout":"no-sidebar","site-content-layout":"","ast-site-content-layout":"full-width-container","site-content-style":"default","site-sidebar-style":"default","ast-global-header-display":"","ast-banner-title-visibility":"","ast-main-header-display":"","ast-hfb-above-header-display":"","ast-hfb-below-header-display":"","ast-hfb-mobile-header-display":"","site-post-title":"disabled","ast-breadcrumbs-content":"","ast-featured-img":"disabled","footer-sml-layout":"","theme-transparent-header-meta":"","adv-header-id-meta":"","stick-header-meta":"","header-above-stick-meta":"","header-main-stick-meta":"","header-below-stick-meta":"","astra-migrate-meta-layouts":"default","ast-page-background-enabled":"default","ast-page-background-meta":{"desktop":{"background-color":"var(--ast-global-color-5)","background-image":"","background-repeat":"repeat","background-position":"center center","background-size":"auto","background-attachment":"scroll","background-type":"","background-media":"","overlay-type":"","overlay-color":"","overlay-opacity":"","overlay-gradient":""},"tablet":{"background-color":"","background-image":"","background-repeat":"repeat","background-position":"center center","background-size":"auto","background-attachment":"scroll","background-type":"","background-media":"","overlay-type":"","overlay-color":"","overlay-opacity":"","overlay-gradient":""},"mobile":{"background-color":"","background-image":"","background-repeat":"repeat","background-position":"center center","background-size":"auto","background-attachment":"scroll","background-type":"","background-media":"","overlay-type":"","overlay-color":"","overlay-opacity":"","overlay-gradient":""}},"ast-content-background-meta":{"desktop":{"background-color":"var(--ast-global-color-4)","background-image":"","background-repeat":"repeat","background-position":"center center","background-size":"auto","background-attachment":"scroll","background-type":"","background-media":"","overlay-type":"","overlay-color":"","overlay-opacity":"","overlay-gradient":""},"tablet":{"background-color":"var(--ast-global-color-4)","background-image":"","background-repeat":"repeat","background-position":"center center","background-size":"auto","background-attachment":"scroll","background-type":"","background-media":"","overlay-type":"","overlay-color":"","overlay-opacity":"","overlay-gradient":""},"mobile":{"background-color":"var(--ast-global-color-4)","background-image":"","background-repeat":"repeat","background-position":"center center","background-size":"auto","background-attachment":"scroll","background-type":"","background-media":"","overlay-type":"","overlay-color":"","overlay-opacity":"","overlay-gradient":""}},"footnotes":""},"class_list":["post-904","page","type-page","status-publish","hentry"],"yoast_head":"<!-- This site is optimized with the Yoast SEO plugin v25.4 - https:\/\/yoast.com\/wordpress\/plugins\/seo\/ -->\n<title>Proyectos - CCIMCAT<\/title>\n<meta name=\"robots\" content=\"index, follow, max-snippet:-1, max-image-preview:large, max-video-preview:-1\" \/>\n<link rel=\"canonical\" href=\"https:\/\/ccimcat.org\/web\/proyectos\/\" \/>\n<meta property=\"og:locale\" content=\"es_ES\" \/>\n<meta property=\"og:type\" content=\"article\" \/>\n<meta property=\"og:title\" content=\"Proyectos - CCIMCAT\" \/>\n<meta property=\"og:description\" content=\"Proyectos en EJECUCI\u00d3N J\u00f3venes y Mujeres por la Agenda 2030 OBJETIVO Plantea promover el pleno ejercicio de los derechos econ\u00f3micos [&hellip;]\" \/>\n<meta property=\"og:url\" content=\"https:\/\/ccimcat.org\/web\/proyectos\/\" \/>\n<meta property=\"og:site_name\" content=\"CCIMCAT\" \/>\n<meta property=\"article:publisher\" content=\"https:\/\/www.facebook.com\/ccimcat\/\" \/>\n<meta property=\"article:modified_time\" content=\"2025-06-16T20:12:13+00:00\" \/>\n<meta property=\"og:image\" content=\"https:\/\/www.ccimcat.org\/web\/wp-content\/uploads\/2025\/03\/Icono_Objetivo.svg\" \/>\n<meta name=\"twitter:card\" content=\"summary_large_image\" \/>\n<script type=\"application\/ld+json\" class=\"yoast-schema-graph\">{\"@context\":\"https:\/\/schema.org\",\"@graph\":[{\"@type\":\"WebPage\",\"@id\":\"https:\/\/ccimcat.org\/web\/proyectos\/\",\"url\":\"https:\/\/ccimcat.org\/web\/proyectos\/\",\"name\":\"Proyectos - CCIMCAT\",\"isPartOf\":{\"@id\":\"https:\/\/ccimcat.org\/web\/#website\"},\"primaryImageOfPage\":{\"@id\":\"https:\/\/ccimcat.org\/web\/proyectos\/#primaryimage\"},\"image\":{\"@id\":\"https:\/\/ccimcat.org\/web\/proyectos\/#primaryimage\"},\"thumbnailUrl\":\"https:\/\/www.ccimcat.org\/web\/wp-content\/uploads\/2025\/03\/Icono_Objetivo.svg\",\"datePublished\":\"2025-03-25T20:20:08+00:00\",\"dateModified\":\"2025-06-16T20:12:13+00:00\",\"breadcrumb\":{\"@id\":\"https:\/\/ccimcat.org\/web\/proyectos\/#breadcrumb\"},\"inLanguage\":\"es\",\"potentialAction\":[{\"@type\":\"ReadAction\",\"target\":[\"https:\/\/ccimcat.org\/web\/proyectos\/\"]}]},{\"@type\":\"ImageObject\",\"inLanguage\":\"es\",\"@id\":\"https:\/\/ccimcat.org\/web\/proyectos\/#primaryimage\",\"url\":\"https:\/\/www.ccimcat.org\/web\/wp-content\/uploads\/2025\/03\/Icono_Objetivo.svg\",\"contentUrl\":\"https:\/\/www.ccimcat.org\/web\/wp-content\/uploads\/2025\/03\/Icono_Objetivo.svg\"},{\"@type\":\"BreadcrumbList\",\"@id\":\"https:\/\/ccimcat.org\/web\/proyectos\/#breadcrumb\",\"itemListElement\":[{\"@type\":\"ListItem\",\"position\":1,\"name\":\"Portada\",\"item\":\"https:\/\/ccimcat.org\/web\/\"},{\"@type\":\"ListItem\",\"position\":2,\"name\":\"Proyectos\"}]},{\"@type\":\"WebSite\",\"@id\":\"https:\/\/ccimcat.org\/web\/#website\",\"url\":\"https:\/\/ccimcat.org\/web\/\",\"name\":\"CCIMCAT\",\"description\":\"CCIMCAT se dedica a promover los derechos y el desarrollo integral de mujeres campesinas, ind\u00edgenas, urbanas y j\u00f3venes en el departamento de Tarija y el sur de Bolivia\",\"publisher\":{\"@id\":\"https:\/\/ccimcat.org\/web\/#organization\"},\"potentialAction\":[{\"@type\":\"SearchAction\",\"target\":{\"@type\":\"EntryPoint\",\"urlTemplate\":\"https:\/\/ccimcat.org\/web\/?s={search_term_string}\"},\"query-input\":{\"@type\":\"PropertyValueSpecification\",\"valueRequired\":true,\"valueName\":\"search_term_string\"}}],\"inLanguage\":\"es\"},{\"@type\":\"Organization\",\"@id\":\"https:\/\/ccimcat.org\/web\/#organization\",\"name\":\"Centro de Capacitaci\u00f3n e Investigaci\u00f3n de la Mujer Campesina de Tarija\",\"url\":\"https:\/\/ccimcat.org\/web\/\",\"logo\":{\"@type\":\"ImageObject\",\"inLanguage\":\"es\",\"@id\":\"https:\/\/ccimcat.org\/web\/#\/schema\/logo\/image\/\",\"url\":\"https:\/\/www.ccimcat.org\/web\/wp-content\/uploads\/2025\/03\/Logo_CCIMCAT.png\",\"contentUrl\":\"https:\/\/www.ccimcat.org\/web\/wp-content\/uploads\/2025\/03\/Logo_CCIMCAT.png\",\"width\":751,\"height\":300,\"caption\":\"Centro de Capacitaci\u00f3n e Investigaci\u00f3n de la Mujer Campesina de Tarija\"},\"image\":{\"@id\":\"https:\/\/ccimcat.org\/web\/#\/schema\/logo\/image\/\"},\"sameAs\":[\"https:\/\/www.facebook.com\/ccimcat\/\",\"https:\/\/www.instagram.com\/ccimcat_ongtarija\/\",\"https:\/\/www.tiktok.com\/@ccimcattja\",\"https:\/\/www.youtube.com\/@ccimcat217\"]}]}<\/script>\n<!-- \/ Yoast SEO plugin. -->","yoast_head_json":{"title":"Proyectos - CCIMCAT","robots":{"index":"index","follow":"follow","max-snippet":"max-snippet:-1","max-image-preview":"max-image-preview:large","max-video-preview":"max-video-preview:-1"},"canonical":"https:\/\/ccimcat.org\/web\/proyectos\/","og_locale":"es_ES","og_type":"article","og_title":"Proyectos - CCIMCAT","og_description":"Proyectos en EJECUCI\u00d3N J\u00f3venes y Mujeres por la Agenda 2030 OBJETIVO Plantea promover el pleno ejercicio de los derechos econ\u00f3micos [&hellip;]","og_url":"https:\/\/ccimcat.org\/web\/proyectos\/","og_site_name":"CCIMCAT","article_publisher":"https:\/\/www.facebook.com\/ccimcat\/","article_modified_time":"2025-06-16T20:12:13+00:00","og_image":[{"url":"https:\/\/www.ccimcat.org\/web\/wp-content\/uploads\/2025\/03\/Icono_Objetivo.svg","type":"","width":"","height":""}],"twitter_card":"summary_large_image","schema":{"@context":"https:\/\/schema.org","@graph":[{"@type":"WebPage","@id":"https:\/\/ccimcat.org\/web\/proyectos\/","url":"https:\/\/ccimcat.org\/web\/proyectos\/","name":"Proyectos - CCIMCAT","isPartOf":{"@id":"https:\/\/ccimcat.org\/web\/#website"},"primaryImageOfPage":{"@id":"https:\/\/ccimcat.org\/web\/proyectos\/#primaryimage"},"image":{"@id":"https:\/\/ccimcat.org\/web\/proyectos\/#primaryimage"},"thumbnailUrl":"https:\/\/www.ccimcat.org\/web\/wp-content\/uploads\/2025\/03\/Icono_Objetivo.svg","datePublished":"2025-03-25T20:20:08+00:00","dateModified":"2025-06-16T20:12:13+00:00","breadcrumb":{"@id":"https:\/\/ccimcat.org\/web\/proyectos\/#breadcrumb"},"inLanguage":"es","potentialAction":[{"@type":"ReadAction","target":["https:\/\/ccimcat.org\/web\/proyectos\/"]}]},{"@type":"ImageObject","inLanguage":"es","@id":"https:\/\/ccimcat.org\/web\/proyectos\/#primaryimage","url":"https:\/\/www.ccimcat.org\/web\/wp-content\/uploads\/2025\/03\/Icono_Objetivo.svg","contentUrl":"https:\/\/www.ccimcat.org\/web\/wp-content\/uploads\/2025\/03\/Icono_Objetivo.svg"},{"@type":"BreadcrumbList","@id":"https:\/\/ccimcat.org\/web\/proyectos\/#breadcrumb","itemListElement":[{"@type":"ListItem","position":1,"name":"Portada","item":"https:\/\/ccimcat.org\/web\/"},{"@type":"ListItem","position":2,"name":"Proyectos"}]},{"@type":"WebSite","@id":"https:\/\/ccimcat.org\/web\/#website","url":"https:\/\/ccimcat.org\/web\/","name":"CCIMCAT","description":"CCIMCAT se dedica a promover los derechos y el desarrollo integral de mujeres campesinas, ind\u00edgenas, urbanas y j\u00f3venes en el departamento de Tarija y el sur de Bolivia","publisher":{"@id":"https:\/\/ccimcat.org\/web\/#organization"},"potentialAction":[{"@type":"SearchAction","target":{"@type":"EntryPoint","urlTemplate":"https:\/\/ccimcat.org\/web\/?s={search_term_string}"},"query-input":{"@type":"PropertyValueSpecification","valueRequired":true,"valueName":"search_term_string"}}],"inLanguage":"es"},{"@type":"Organization","@id":"https:\/\/ccimcat.org\/web\/#organization","name":"Centro de Capacitaci\u00f3n e Investigaci\u00f3n de la Mujer Campesina de Tarija","url":"https:\/\/ccimcat.org\/web\/","logo":{"@type":"ImageObject","inLanguage":"es","@id":"https:\/\/ccimcat.org\/web\/#\/schema\/logo\/image\/","url":"https:\/\/www.ccimcat.org\/web\/wp-content\/uploads\/2025\/03\/Logo_CCIMCAT.png","contentUrl":"https:\/\/www.ccimcat.org\/web\/wp-content\/uploads\/2025\/03\/Logo_CCIMCAT.png","width":751,"height":300,"caption":"Centro de Capacitaci\u00f3n e Investigaci\u00f3n de la Mujer Campesina de Tarija"},"image":{"@id":"https:\/\/ccimcat.org\/web\/#\/schema\/logo\/image\/"},"sameAs":["https:\/\/www.facebook.com\/ccimcat\/","https:\/\/www.instagram.com\/ccimcat_ongtarija\/","https:\/\/www.tiktok.com\/@ccimcattja","https:\/\/www.youtube.com\/@ccimcat217"]}]}},"_links":{"self":[{"href":"https:\/\/ccimcat.org\/web\/wp-json\/wp\/v2\/pages\/904","targetHints":{"allow":["GET"]}}],"collection":[{"href":"https:\/\/ccimcat.org\/web\/wp-json\/wp\/v2\/pages"}],"about":[{"href":"https:\/\/ccimcat.org\/web\/wp-json\/wp\/v2\/types\/page"}],"author":[{"embeddable":true,"href":"https:\/\/ccimcat.org\/web\/wp-json\/wp\/v2\/users\/2"}],"replies":[{"embeddable":true,"href":"https:\/\/ccimcat.org\/web\/wp-json\/wp\/v2\/comments?post=904"}],"version-history":[{"count":24,"href":"https:\/\/ccimcat.org\/web\/wp-json\/wp\/v2\/pages\/904\/revisions"}],"predecessor-version":[{"id":2676,"href":"https:\/\/ccimcat.org\/web\/wp-json\/wp\/v2\/pages\/904\/revisions\/2676"}],"wp:attachment":[{"href":"https:\/\/ccimcat.org\/web\/wp-json\/wp\/v2\/media?parent=904"}],"curies":[{"name":"wp","href":"https:\/\/api.w.org\/{rel}","templated":true}]}}